{"id":460,"date":"2021-12-28T19:19:01","date_gmt":"2021-12-28T19:19:01","guid":{"rendered":"https:\/\/ilhadigitalsc.com.br\/sitenovo\/?page_id=460"},"modified":"2022-05-03T20:41:46","modified_gmt":"2022-05-03T20:41:46","slug":"e-cnpj","status":"publish","type":"page","link":"https:\/\/ilhadigitalsc.com.br\/ilhadigital\/e-cnpj\/","title":{"rendered":"e-CNPJ"},"content":{"rendered":"\t\t<div data-elementor-type=\"wp-page\" data-elementor-id=\"460\" class=\"elementor elementor-460\">\n\t\t\t\t\t\t\t\t\t<section class=\"elementor-section elementor-top-section elementor-element elementor-element-3132a0c5 elementor-section-boxed elementor-section-height-default elementor-section-height-default\" data-id=\"3132a0c5\" data-element_type=\"section\">\n\t\t\t\t\t\t<div class=\"elementor-container elementor-column-gap-default\">\n\t\t\t\t\t<div class=\"elementor-column elementor-col-100 elementor-top-column elementor-element elementor-element-791f2486\" data-id=\"791f2486\" data-element_type=\"column\">\n\t\t\t<div class=\"elementor-widget-wrap elementor-element-populated\">\n\t\t\t\t\t\t\t\t<div class=\"elementor-element elementor-element-298915ae elementor-widget elementor-widget-text-editor\" data-id=\"298915ae\" data-element_type=\"widget\" data-widget_type=\"text-editor.default\">\n\t\t\t\t<div class=\"elementor-widget-container\">\n\t\t\t<style>\/*! elementor - v3.6.2 - 04-04-2022 *\/\n.elementor-widget-text-editor.elementor-drop-cap-view-stacked .elementor-drop-cap{background-color:#818a91;color:#fff}.elementor-widget-text-editor.elementor-drop-cap-view-framed .elementor-drop-cap{color:#818a91;border:3px solid;background-color:transparent}.elementor-widget-text-editor:not(.elementor-drop-cap-view-default) .elementor-drop-cap{margin-top:8px}.elementor-widget-text-editor:not(.elementor-drop-cap-view-default) .elementor-drop-cap-letter{width:1em;height:1em}.elementor-widget-text-editor .elementor-drop-cap{float:left;text-align:center;line-height:1;font-size:50px}.elementor-widget-text-editor .elementor-drop-cap-letter{display:inline-block}<\/style>\t\t\t\t<p><!-- wp:paragraph --><\/p>\n<p>O Certificado digital de pessoa jur\u00eddica, e-CNPJ, poder\u00e1 ser adquirido ou renovado atrav\u00e9s de Atendimento presencial, videoconfer\u00eancia ou emiss\u00e3o Online.<\/p>\n<h5>Atendimento Presencial:<\/h5>\n<p>Voc\u00ea pode consultar nossos pontos de atendimento <a href=\"https:\/\/ilhadigital.gfsis.com.br\/gestaofacil\/publico\/RealizarPedido\"><b>Clicando aqui<\/b><\/a>\u00a0ou solicitar seu agendamento e atendimento presencial atrav\u00e9s do nosso atendimento por WhatsApp <a href=\"https:\/\/contate.me\/ilhadigital3\"><b>nesse link<\/b><\/a> ou (48) 98807-0086.<\/p>\n<h5>Emiss\u00e3o por videoconfer\u00eancia:<\/h5>\n<p>Ser\u00e1 poss\u00edvel adquirir ou renovar Certificado Digital e-CNPJ, atrav\u00e9s de videoconfer\u00eancia, caso o seu titular, tenha emitido algum Certificado Digital, de forma presencial, a partir de Mar\u00e7o de 2018 ou possua a CNH (Carteira Nacional de Habilita\u00e7\u00e3o), mesmo vencida, emitida a partir de Janeiro de 2012.<\/p>\n<p>Para os casos onde o solicitante n\u00e3o possua a CNH, \u00e9 necess\u00e1rio uma consulta pr\u00e9via que est\u00e1 dispon\u00edvel\u00a0<a style=\"background-color: #ffffff;\" href=\"https:\/\/arilhadigital.acsoluti.com.br\/site\/emissao-online\" target=\"_blank\" rel=\"noopener\">clicando aqui<\/a>, e informando o numero do CPF .<\/p>\n<p><!-- \/wp:paragraph --><!-- wp:paragraph --><!-- \/wp:paragraph --><!-- wp:paragraph --><!-- \/wp:paragraph --><!-- wp:paragraph --><\/p>\n<p>Caso seja poss\u00edvel a emiss\u00e3o por v\u00eddeo conferencia, voc\u00ea dever\u00e1 seguir os seguintes passos:<\/p>\n<p>1 \u2013 Solicitar seu certificado atrav\u00e9s do\u00a0 <a href=\"https:\/\/ilhadigital.gfsis.com.br\/gestaofacil\/publico\/RealizarPedido\">nosso site<\/a>\u00a0e ap\u00f3s efetuar a compra, voc\u00ea receber\u00e1 um numero de pedido.<\/p>\n<p>2 \u2013 Com o numero do pedido em m\u00e3os, entre em contato com nosso atendimento, atrav\u00e9s do WhatsApp <a href=\"https:\/\/contate.me\/ilhadigital\">nesse link<\/a> ou (48) 988070086 que j\u00e1 vamos iniciar o seu atendimento.<\/p>\n<h5>Emiss\u00e3o ou Renova\u00e7\u00e3o Online:<\/h5>\n<p>A Emiss\u00e3o Online, est\u00e1 dispon\u00edvel para quem possui certificado digital de modelo A3 (Cart\u00e3o ou Token) ainda na validade.<br \/>Utilizando o e-CPF A3 do representante legal do CNPJ ou ainda um certificado digital e-CNPJ A3 ser\u00e1 poss\u00edvel emitir um novo certificado digital e-CNPJ tanto do modelo A1 quanto do modelo A3.<\/p>\n<p>Caso seja poss\u00edvel a emiss\u00e3o online, voc\u00ea dever\u00e1 seguir os seguintes passos:<\/p>\n<p>1 \u2013 Solicitar seu certificado atrav\u00e9s do\u00a0 <a href=\"https:\/\/ilhadigital.gfsis.com.br\/gestaofacil\/publico\/RealizarPedido\">nosso site<\/a>\u00a0e ap\u00f3s efetuar a compra, voc\u00ea receber\u00e1 um numero de pedido.<\/p>\n<p>2 \u2013 Com o numero do pedido em m\u00e3os, entre em contato com nosso atendimento, atrav\u00e9s do WhatsApp <a href=\"https:\/\/contate.me\/ilhadigital2\">nesse link<\/a> \u00a0ou (48) 99152-5100 que j\u00e1 vamos iniciar o seu atendimento.<\/p>\n<h4><b>Mais informa\u00e7\u00f5es sobre o e-CNPJ<\/b><\/h4>\n<p><!-- \/wp:paragraph --><!-- wp:paragraph --><\/p>\n<p>Conhecido popularmente como e-CNPJ ou e-PJ, o certificado digital pessoa jur\u00eddica \u00e9 vinculado ao representante legal ou procurador de uma empresa, com cadastro ativo na Receita Federal. O seu uso confere autenticidade, confidencialidade, integridade e o n\u00e3o rep\u00fadio aos servi\u00e7os realizados por meio dele na internet.<\/p>\n<p><!-- \/wp:paragraph --><!-- wp:paragraph --><\/p>\n<p>Cont\u00e9m informa\u00e7\u00f5es como raz\u00e3o social, CNPJ, nome, RG, CPF e data de nascimento do usu\u00e1rio, al\u00e9m do prazo de validade, que pode ser de 1 a 5 anos. O e-CNPJ j\u00e1 faz parte da rotina de muitas empresas e, em alguns casos, \u00e9 indispens\u00e1vel para estabelecer a comunica\u00e7\u00e3o com os \u00f3rg\u00e3os do Governo. Isso porque a ferramenta promove praticidade, celeridade nos processos, redu\u00e7\u00e3o de custos com deslocamentos, impress\u00e3o e papeis. \u00c9 uma tecnologia aliada \u00e0 sustentabilidade.<\/p>\n<p><!-- \/wp:paragraph --><!-- wp:heading {\"level\":4} --><\/p>\n<h4>\u00a0Onde utilizar o e-CNPJ?<\/h4>\n<p><!-- \/wp:heading --><!-- wp:list --><\/p>\n<ul>\n<li>Receita Federal: CAGED, DIRF, PERDCOMP, DACON, DBF, DCIDE, DCP, DEREX, DCTF, CRED, DIF, DIMOB, DIMOF, DIPI-TIP, DNF, DSPJ, DTTA, e-CAC, Homolognet, RAIS, SICONFI, SIL, Leil\u00f5es eletr\u00f4nicos;<\/li>\n<li>SEFAZ: NF-e, NFA-e, NFC-e, NFS-e, CT-e, DF-e;<\/li>\n<li>Governo: SISCONSIG;<\/li>\n<li>Sa\u00fade: DMED, TISS;<\/li>\n<li>MEC: PROUNI;<\/li>\n<li>Seguran\u00e7a Privada: GESP;<\/li>\n<li>Detran: e-CNHsp;<\/li>\n<li>Setor P\u00fablico: ITR, DERC;<\/li>\n<li>SPED: ECD, EFD, ECF, eSocial;<\/li>\n<li>Caixa Econ\u00f4mica: FGTS, e-APS, Conectividade Social ICP;<\/li>\n<li>Zona Franca de Manaus: SUFRAMA;<\/li>\n<li>Parcelamento eletr\u00f4nico online de d\u00e9bitos Pessoas Jur\u00eddicas;<\/li>\n<li>Retifica\u00e7\u00e3o do DARF;<\/li>\n<li>Provis\u00e3o de Procura\u00e7\u00e3o Eletr\u00f4nica;<\/li>\n<li>Assinatura de e-mails, documentos e contratos digitais da Pessoa Jur\u00eddica;<\/li>\n<li>Dentre outros servi\u00e7os.<\/li>\n<\/ul>\n<p><!-- \/wp:list --><!-- wp:heading {\"level\":4} --><\/p>\n<h4>Tipos de e-CNPJ<\/h4>\n<p><!-- \/wp:heading --><!-- wp:paragraph --><\/p>\n<p>Existem dois tipos principais de Certificado Digital e-CNPJ:<\/p>\n<p><!-- \/wp:paragraph --><!-- wp:list --><\/p>\n<ul>\n<li>e-CNPJ A1: gerado e armazenado diretamente em um computador, com validade de 1 ano;<\/li>\n<li>e-CNPJ A3: gerado e armazenado diretamente em uma m\u00eddia criptogr\u00e1fica (token ou smart card), com validade de 1 a 5 anos.<\/li>\n<\/ul>\n<p><!-- \/wp:list --><!-- wp:paragraph --><\/p>\n<p>Aten\u00e7\u00e3o: Na hora de escolher o seu e-CNPJ, informe se h\u00e1 alguma restri\u00e7\u00e3o para uso do tipo A1 ou A3, na opera\u00e7\u00e3o na qual pretende utiliz\u00e1-lo.<\/p>\n<p><!-- \/wp:paragraph --><\/p>\n<p>\u00a0<\/p>\t\t\t\t\t\t<\/div>\n\t\t\t\t<\/div>\n\t\t\t\t\t<\/div>\n\t\t<\/div>\n\t\t\t\t\t\t\t<\/div>\n\t\t<\/section>\n\t\t\t\t\t\t\t<\/div>\n\t\t","protected":false},"excerpt":{"rendered":"<p>O Certificado digital de pessoa jur\u00eddica, e-CNPJ, poder\u00e1 ser adquirido ou renovado atrav\u00e9s de Atendimento presencial, videoconfer\u00eancia ou emiss\u00e3o Online. Atendimento Presencial: Voc\u00ea pode consultar nossos pontos de atendimento Clicando aqui\u00a0ou solicitar seu agendamento e atendimento presencial atrav\u00e9s do nosso atendimento por WhatsApp nesse link ou (48) 98807-0086. Emiss\u00e3o por videoconfer\u00eancia: Ser\u00e1 poss\u00edvel adquirir ou &hellip; <\/p>\n<p class=\"link-more\"><a href=\"https:\/\/ilhadigitalsc.com.br\/ilhadigital\/e-cnpj\/\" class=\"more-link\">Continuar a ler <span class=\"screen-reader-text\">&#8220;e-CNPJ&#8221;<\/span><\/a><\/p>\n","protected":false},"author":2,"featured_media":0,"parent":0,"menu_order":0,"comment_status":"closed","ping_status":"closed","template":"","meta":{"footnotes":""},"class_list":["post-460","page","type-page","status-publish","hentry","entry"],"_links":{"self":[{"href":"https:\/\/ilhadigitalsc.com.br\/ilhadigital\/wp-json\/wp\/v2\/pages\/460","targetHints":{"allow":["GET"]}}],"collection":[{"href":"https:\/\/ilhadigitalsc.com.br\/ilhadigital\/wp-json\/wp\/v2\/pages"}],"about":[{"href":"https:\/\/ilhadigitalsc.com.br\/ilhadigital\/wp-json\/wp\/v2\/types\/page"}],"author":[{"embeddable":true,"href":"https:\/\/ilhadigitalsc.com.br\/ilhadigital\/wp-json\/wp\/v2\/users\/2"}],"replies":[{"embeddable":true,"href":"https:\/\/ilhadigitalsc.com.br\/ilhadigital\/wp-json\/wp\/v2\/comments?post=460"}],"version-history":[{"count":18,"href":"https:\/\/ilhadigitalsc.com.br\/ilhadigital\/wp-json\/wp\/v2\/pages\/460\/revisions"}],"predecessor-version":[{"id":964,"href":"https:\/\/ilhadigitalsc.com.br\/ilhadigital\/wp-json\/wp\/v2\/pages\/460\/revisions\/964"}],"wp:attachment":[{"href":"https:\/\/ilhadigitalsc.com.br\/ilhadigital\/wp-json\/wp\/v2\/media?parent=460"}],"curies":[{"name":"wp","href":"https:\/\/api.w.org\/{rel}","templated":true}]}}