{"id":448,"date":"2021-12-28T17:08:17","date_gmt":"2021-12-28T17:08:17","guid":{"rendered":"https:\/\/ilhadigitalsc.com.br\/sitenovo\/?page_id=448"},"modified":"2022-05-03T19:24:19","modified_gmt":"2022-05-03T19:24:19","slug":"documentacao","status":"publish","type":"page","link":"https:\/\/ilhadigitalsc.com.br\/ilhadigital\/documentacao\/","title":{"rendered":"Documentos"},"content":{"rendered":"\t\t<div data-elementor-type=\"wp-page\" data-elementor-id=\"448\" class=\"elementor elementor-448\">\n\t\t\t\t\t\t\t\t\t<section class=\"elementor-section elementor-top-section elementor-element elementor-element-7da1bbff elementor-section-boxed elementor-section-height-default elementor-section-height-default\" data-id=\"7da1bbff\" data-element_type=\"section\">\n\t\t\t\t\t\t<div class=\"elementor-container elementor-column-gap-default\">\n\t\t\t\t\t<div class=\"elementor-column elementor-col-100 elementor-top-column elementor-element elementor-element-59d5d015\" data-id=\"59d5d015\" data-element_type=\"column\">\n\t\t\t<div class=\"elementor-widget-wrap elementor-element-populated\">\n\t\t\t\t\t\t\t\t<div class=\"elementor-element elementor-element-3537563d elementor-widget elementor-widget-text-editor\" data-id=\"3537563d\" data-element_type=\"widget\" data-widget_type=\"text-editor.default\">\n\t\t\t\t<div class=\"elementor-widget-container\">\n\t\t\t<style>\/*! elementor - v3.6.2 - 04-04-2022 *\/\n.elementor-widget-text-editor.elementor-drop-cap-view-stacked .elementor-drop-cap{background-color:#818a91;color:#fff}.elementor-widget-text-editor.elementor-drop-cap-view-framed .elementor-drop-cap{color:#818a91;border:3px solid;background-color:transparent}.elementor-widget-text-editor:not(.elementor-drop-cap-view-default) .elementor-drop-cap{margin-top:8px}.elementor-widget-text-editor:not(.elementor-drop-cap-view-default) .elementor-drop-cap-letter{width:1em;height:1em}.elementor-widget-text-editor .elementor-drop-cap{float:left;text-align:center;line-height:1;font-size:50px}.elementor-widget-text-editor .elementor-drop-cap-letter{display:inline-block}<\/style>\t\t\t\t<!-- wp:heading {\"level\":3} -->\n<h3><strong>Pessoa Jur\u00eddica<\/strong><\/h3>\n<!-- \/wp:heading --><!-- wp:list -->\n<ul>\n<li>Cart\u00e3o CNPJ;<\/li>\n<li>Contrato Social (com altera\u00e7\u00e3o se houver);<\/li>\n<li>CNH ou RG e CPF do titular;<\/li>\n<li>Tamb\u00e9m ser\u00e3o aceitos Passaporte ou documento de classe. (OAB\/CRC\/CREA&#8230;)<\/li>\n<\/ul>\n<!-- \/wp:list --><!-- wp:heading {\"level\":3} -->\n<h3>Pessoa F\u00edsica<\/h3>\n<!-- \/wp:heading --><!-- wp:list -->\n<ul>\n<li>CNH ou RG e CPF do titular;<\/li>\n<li>Tamb\u00e9m ser\u00e3o aceitos Passaporte ou documento de classe. (OAB\/CRC\/CREA&#8230;)<\/li>\n<\/ul>\n<!-- \/wp:list -->\t\t\t\t\t\t<\/div>\n\t\t\t\t<\/div>\n\t\t\t\t\t<\/div>\n\t\t<\/div>\n\t\t\t\t\t\t\t<\/div>\n\t\t<\/section>\n\t\t\t\t\t\t\t<\/div>\n\t\t","protected":false},"excerpt":{"rendered":"<p>Pessoa Jur\u00eddica Cart\u00e3o CNPJ; Contrato Social (com altera\u00e7\u00e3o se houver); CNH ou RG e CPF do titular; Tamb\u00e9m ser\u00e3o aceitos Passaporte ou documento de classe. (OAB\/CRC\/CREA&#8230;) Pessoa F\u00edsica CNH ou RG e CPF do titular; Tamb\u00e9m ser\u00e3o aceitos Passaporte ou documento de classe. (OAB\/CRC\/CREA&#8230;)<\/p>\n","protected":false},"author":2,"featured_media":0,"parent":0,"menu_order":0,"comment_status":"closed","ping_status":"closed","template":"","meta":{"footnotes":""},"class_list":["post-448","page","type-page","status-publish","hentry","entry"],"_links":{"self":[{"href":"https:\/\/ilhadigitalsc.com.br\/ilhadigital\/wp-json\/wp\/v2\/pages\/448","targetHints":{"allow":["GET"]}}],"collection":[{"href":"https:\/\/ilhadigitalsc.com.br\/ilhadigital\/wp-json\/wp\/v2\/pages"}],"about":[{"href":"https:\/\/ilhadigitalsc.com.br\/ilhadigital\/wp-json\/wp\/v2\/types\/page"}],"author":[{"embeddable":true,"href":"https:\/\/ilhadigitalsc.com.br\/ilhadigital\/wp-json\/wp\/v2\/users\/2"}],"replies":[{"embeddable":true,"href":"https:\/\/ilhadigitalsc.com.br\/ilhadigital\/wp-json\/wp\/v2\/comments?post=448"}],"version-history":[{"count":7,"href":"https:\/\/ilhadigitalsc.com.br\/ilhadigital\/wp-json\/wp\/v2\/pages\/448\/revisions"}],"predecessor-version":[{"id":897,"href":"https:\/\/ilhadigitalsc.com.br\/ilhadigital\/wp-json\/wp\/v2\/pages\/448\/revisions\/897"}],"wp:attachment":[{"href":"https:\/\/ilhadigitalsc.com.br\/ilhadigital\/wp-json\/wp\/v2\/media?parent=448"}],"curies":[{"name":"wp","href":"https:\/\/api.w.org\/{rel}","templated":true}]}}